{"id":3435,"date":"2019-09-06T13:10:24","date_gmt":"2019-09-06T10:10:24","guid":{"rendered":"https:\/\/portofhanko.fi\/?page_id=3435"},"modified":"2022-03-09T15:04:15","modified_gmt":"2022-03-09T13:04:15","slug":"terms-for-serviceproviders","status":"publish","type":"page","link":"https:\/\/portofhanko.fi\/en\/company\/terms-for-serviceproviders\/","title":{"rendered":"Terms for service providers"},"content":{"rendered":"<p>Regulation (EU) 2017\/352 of the European Parliament and of the Council of 15 February 2017 establishing a framework for the provision of port services and common rules on the financial transparency of ports<\/p>\n<ol>\n<li>\n<h3>1. BUNKERING<\/h3>\n<p><a href=\"https:\/\/portofhanko.fi\/site2014\/wp-content\/uploads\/2019\/09\/Tankkauspalveluntarjoajien-v\u00e4himm\u00e4isvaatimukset_EN.pdf\">Tankkauspalveluntarjoajien-v\u00e4himm\u00e4isvaatimukset_EN<\/a><\/li>\n<li>\n<h3>2. TOWAGE<\/h3>\n<p><a href=\"https:\/\/portofhanko.fi\/site2014\/wp-content\/uploads\/2019\/09\/Hinauspalveluntarjoajien-v\u00e4himm\u00e4isvaatimukset_EN.pdf\">Hinauspalveluntarjoajien-v\u00e4himm\u00e4isvaatimukset_EN<\/a><\/li>\n<li>\n<h3>3. MOORING\/UNMOORING<\/h3>\n<p><a href=\"https:\/\/portofhanko.fi\/site2014\/wp-content\/uploads\/2020\/07\/Kiinnitys-ja-irrotuspalveluntarjoajien-v\u00e4himm\u00e4isvaatimukset-2020_ENG.pdf\">Kiinnitys-ja-irrotuspalveluntarjoajien-v\u00e4himm\u00e4isvaatimukset_ENG<\/a><\/li>\n<li>\n<h3>4. RECEIVING OF GARBAGE<\/h3>\n<p>&nbsp;<\/li>\n<\/ol>\n","protected":false},"excerpt":{"rendered":"<p>Regulation (EU) 2017\/352 of the European Parliament and of the Council of 15 February 2017 establishing a framework for the provision of port services and common rules on the financial transparency of ports 1. BUNKERING Tankkauspalveluntarjoajien-v\u00e4himm\u00e4isvaatimukset_EN 2. TOWAGE Hinauspalveluntarjoajien-v\u00e4himm\u00e4isvaatimukset_EN 3. MOORING\/UNMOORING Kiinnitys-ja-irrotuspalveluntarjoajien-v\u00e4himm\u00e4isvaatimukset_ENG 4. RECEIVING OF GARBAGE &nbsp;<\/p>\n","protected":false},"author":4,"featured_media":0,"parent":259,"menu_order":0,"comment_status":"closed","ping_status":"closed","template":"","meta":{"_acf_changed":false,"footnotes":""},"class_list":["post-3435","page","type-page","status-publish","hentry"],"acf":[],"yoast_head":"<!-- This site is optimized with the Yoast SEO plugin v27.1.1 - https:\/\/yoast.com\/product\/yoast-seo-wordpress\/ -->\n<title>Terms for service providers - Port of Hanko Finland<\/title>\n<meta name=\"description\" content=\"Please find the Port of Hanko&#039;s terms for bunkering, towage, mooring\/unmooring and receiving of carbage service providers here.\" \/>\n<meta name=\"robots\" content=\"index, follow, max-snippet:-1, max-image-preview:large, max-video-preview:-1\" \/>\n<link rel=\"canonical\" href=\"https:\/\/portofhanko.fi\/en\/company\/terms-for-serviceproviders\/\" \/>\n<meta property=\"og:locale\" content=\"en_US\" \/>\n<meta property=\"og:type\" content=\"article\" \/>\n<meta property=\"og:title\" content=\"Terms for service providers - Port of Hanko Finland\" \/>\n<meta property=\"og:description\" content=\"Please find the Port of Hanko&#039;s terms for bunkering, towage, mooring\/unmooring and receiving of carbage service providers here.\" \/>\n<meta property=\"og:url\" content=\"https:\/\/portofhanko.fi\/en\/company\/terms-for-serviceproviders\/\" \/>\n<meta property=\"og:site_name\" content=\"Port of Hanko Finland\" \/>\n<meta property=\"article:modified_time\" content=\"2022-03-09T13:04:15+00:00\" \/>\n<script type=\"application\/ld+json\" class=\"yoast-schema-graph\">{\"@context\":\"https:\/\/schema.org\",\"@graph\":[{\"@type\":\"WebPage\",\"@id\":\"https:\/\/portofhanko.fi\/en\/company\/terms-for-serviceproviders\/\",\"url\":\"https:\/\/portofhanko.fi\/en\/company\/terms-for-serviceproviders\/\",\"name\":\"Terms for service providers - Port of Hanko Finland\",\"isPartOf\":{\"@id\":\"https:\/\/portofhanko.fi\/#website\"},\"datePublished\":\"2019-09-06T10:10:24+00:00\",\"dateModified\":\"2022-03-09T13:04:15+00:00\",\"description\":\"Please find the Port of Hanko's terms for bunkering, towage, mooring\/unmooring and receiving of carbage service providers here.\",\"breadcrumb\":{\"@id\":\"https:\/\/portofhanko.fi\/en\/company\/terms-for-serviceproviders\/#breadcrumb\"},\"inLanguage\":\"en-US\",\"potentialAction\":[{\"@type\":\"ReadAction\",\"target\":[\"https:\/\/portofhanko.fi\/en\/company\/terms-for-serviceproviders\/\"]}]},{\"@type\":\"BreadcrumbList\",\"@id\":\"https:\/\/portofhanko.fi\/en\/company\/terms-for-serviceproviders\/#breadcrumb\",\"itemListElement\":[{\"@type\":\"ListItem\",\"position\":1,\"name\":\"Home\",\"item\":\"https:\/\/portofhanko.fi\/en\/\"},{\"@type\":\"ListItem\",\"position\":2,\"name\":\"Port of Hanko Ltd\",\"item\":\"https:\/\/portofhanko.fi\/en\/company\/\"},{\"@type\":\"ListItem\",\"position\":3,\"name\":\"Terms for service providers\"}]},{\"@type\":\"WebSite\",\"@id\":\"https:\/\/portofhanko.fi\/#website\",\"url\":\"https:\/\/portofhanko.fi\/\",\"name\":\"Hangon Satama\",\"description\":\"\",\"publisher\":{\"@id\":\"https:\/\/portofhanko.fi\/#organization\"},\"alternateName\":\"Port of Hanko\",\"potentialAction\":[{\"@type\":\"SearchAction\",\"target\":{\"@type\":\"EntryPoint\",\"urlTemplate\":\"https:\/\/portofhanko.fi\/?s={search_term_string}\"},\"query-input\":{\"@type\":\"PropertyValueSpecification\",\"valueRequired\":true,\"valueName\":\"search_term_string\"}}],\"inLanguage\":\"en-US\"},{\"@type\":\"Organization\",\"@id\":\"https:\/\/portofhanko.fi\/#organization\",\"name\":\"Hangon Satama\",\"url\":\"https:\/\/portofhanko.fi\/\",\"logo\":{\"@type\":\"ImageObject\",\"inLanguage\":\"en-US\",\"@id\":\"https:\/\/portofhanko.fi\/#\/schema\/logo\/image\/\",\"url\":\"https:\/\/portofhanko.fi\/site2014\/wp-content\/uploads\/2016\/04\/PortOfHanko_Logo_Tumma.png\",\"contentUrl\":\"https:\/\/portofhanko.fi\/site2014\/wp-content\/uploads\/2016\/04\/PortOfHanko_Logo_Tumma.png\",\"width\":536,\"height\":260,\"caption\":\"Hangon Satama\"},\"image\":{\"@id\":\"https:\/\/portofhanko.fi\/#\/schema\/logo\/image\/\"}}]}<\/script>\n<!-- \/ Yoast SEO plugin. -->","yoast_head_json":{"title":"Terms for service providers - Port of Hanko Finland","description":"Please find the Port of Hanko's terms for bunkering, towage, mooring\/unmooring and receiving of carbage service providers here.","robots":{"index":"index","follow":"follow","max-snippet":"max-snippet:-1","max-image-preview":"max-image-preview:large","max-video-preview":"max-video-preview:-1"},"canonical":"https:\/\/portofhanko.fi\/en\/company\/terms-for-serviceproviders\/","og_locale":"en_US","og_type":"article","og_title":"Terms for service providers - Port of Hanko Finland","og_description":"Please find the Port of Hanko's terms for bunkering, towage, mooring\/unmooring and receiving of carbage service providers here.","og_url":"https:\/\/portofhanko.fi\/en\/company\/terms-for-serviceproviders\/","og_site_name":"Port of Hanko Finland","article_modified_time":"2022-03-09T13:04:15+00:00","schema":{"@context":"https:\/\/schema.org","@graph":[{"@type":"WebPage","@id":"https:\/\/portofhanko.fi\/en\/company\/terms-for-serviceproviders\/","url":"https:\/\/portofhanko.fi\/en\/company\/terms-for-serviceproviders\/","name":"Terms for service providers - Port of Hanko Finland","isPartOf":{"@id":"https:\/\/portofhanko.fi\/#website"},"datePublished":"2019-09-06T10:10:24+00:00","dateModified":"2022-03-09T13:04:15+00:00","description":"Please find the Port of Hanko's terms for bunkering, towage, mooring\/unmooring and receiving of carbage service providers here.","breadcrumb":{"@id":"https:\/\/portofhanko.fi\/en\/company\/terms-for-serviceproviders\/#breadcrumb"},"inLanguage":"en-US","potentialAction":[{"@type":"ReadAction","target":["https:\/\/portofhanko.fi\/en\/company\/terms-for-serviceproviders\/"]}]},{"@type":"BreadcrumbList","@id":"https:\/\/portofhanko.fi\/en\/company\/terms-for-serviceproviders\/#breadcrumb","itemListElement":[{"@type":"ListItem","position":1,"name":"Home","item":"https:\/\/portofhanko.fi\/en\/"},{"@type":"ListItem","position":2,"name":"Port of Hanko Ltd","item":"https:\/\/portofhanko.fi\/en\/company\/"},{"@type":"ListItem","position":3,"name":"Terms for service providers"}]},{"@type":"WebSite","@id":"https:\/\/portofhanko.fi\/#website","url":"https:\/\/portofhanko.fi\/","name":"Hangon Satama","description":"","publisher":{"@id":"https:\/\/portofhanko.fi\/#organization"},"alternateName":"Port of Hanko","potentialAction":[{"@type":"SearchAction","target":{"@type":"EntryPoint","urlTemplate":"https:\/\/portofhanko.fi\/?s={search_term_string}"},"query-input":{"@type":"PropertyValueSpecification","valueRequired":true,"valueName":"search_term_string"}}],"inLanguage":"en-US"},{"@type":"Organization","@id":"https:\/\/portofhanko.fi\/#organization","name":"Hangon Satama","url":"https:\/\/portofhanko.fi\/","logo":{"@type":"ImageObject","inLanguage":"en-US","@id":"https:\/\/portofhanko.fi\/#\/schema\/logo\/image\/","url":"https:\/\/portofhanko.fi\/site2014\/wp-content\/uploads\/2016\/04\/PortOfHanko_Logo_Tumma.png","contentUrl":"https:\/\/portofhanko.fi\/site2014\/wp-content\/uploads\/2016\/04\/PortOfHanko_Logo_Tumma.png","width":536,"height":260,"caption":"Hangon Satama"},"image":{"@id":"https:\/\/portofhanko.fi\/#\/schema\/logo\/image\/"}}]}},"_links":{"self":[{"href":"https:\/\/portofhanko.fi\/en\/wp-json\/wp\/v2\/pages\/3435","targetHints":{"allow":["GET"]}}],"collection":[{"href":"https:\/\/portofhanko.fi\/en\/wp-json\/wp\/v2\/pages"}],"about":[{"href":"https:\/\/portofhanko.fi\/en\/wp-json\/wp\/v2\/types\/page"}],"author":[{"embeddable":true,"href":"https:\/\/portofhanko.fi\/en\/wp-json\/wp\/v2\/users\/4"}],"replies":[{"embeddable":true,"href":"https:\/\/portofhanko.fi\/en\/wp-json\/wp\/v2\/comments?post=3435"}],"version-history":[{"count":0,"href":"https:\/\/portofhanko.fi\/en\/wp-json\/wp\/v2\/pages\/3435\/revisions"}],"up":[{"embeddable":true,"href":"https:\/\/portofhanko.fi\/en\/wp-json\/wp\/v2\/pages\/259"}],"wp:attachment":[{"href":"https:\/\/portofhanko.fi\/en\/wp-json\/wp\/v2\/media?parent=3435"}],"curies":[{"name":"wp","href":"https:\/\/api.w.org\/{rel}","templated":true}]}}