{"id":259,"date":"2014-11-26T09:40:40","date_gmt":"2014-11-26T07:40:40","guid":{"rendered":"https:\/\/portofhanko.fi\/site2014\/?page_id=259"},"modified":"2022-09-02T14:34:41","modified_gmt":"2022-09-02T11:34:41","slug":"company","status":"publish","type":"page","link":"https:\/\/portofhanko.fi\/en\/company\/","title":{"rendered":"Port of Hanko Ltd"},"content":{"rendered":"<p>The Port of Hanko consists of the Western harbour and the Outer harbour. Starting from 2015, Koverhar harbour is also a part of the Port of Hanko. The Western harbour in Hanko was founded in 1873. It is the southernmost port in Finland and because of it\u00b4s location and the mild sea climate, it is also our country\u00b4s first winter port. For decades the Port of Hanko was the only harbour that was open all year round. Then, and now the shortest sea voyage to Central Europe was a great advantage in the competition with other ports.<\/p>\n<p><img loading=\"lazy\" decoding=\"async\" class=\"alignnone size-medium wp-image-1346\" src=\"https:\/\/portofhanko.fi\/site2014\/wp-content\/uploads\/2014\/11\/111-720x492.jpg\" alt=\"11\" width=\"720\" height=\"492\" srcset=\"https:\/\/portofhanko.fi\/site2014\/wp-content\/uploads\/2014\/11\/111-720x492.jpg 720w, https:\/\/portofhanko.fi\/site2014\/wp-content\/uploads\/2014\/11\/111-1280x874.jpg 1280w, https:\/\/portofhanko.fi\/site2014\/wp-content\/uploads\/2014\/11\/111.jpg 1800w\" sizes=\"auto, (max-width: 720px) 100vw, 720px\" \/><\/p>\n<p>The Port o Hanko was first owned by the state and in year 1974 it was bought by the city of Hanko. 1.1.2014 the port became a company owned by the city and the Port Director became CEO.\u00a0In january 2014 Port of Hanko joined Southwestern Ports of Finland (SWP) that co-operates in marketing.<\/p>\n<p>The Port of Hanko is today the 4th largest port in Finland. Once again the location plays a significant role. When the sulphur directive came into force 1.1.2015, one of many advantages that the Port of Hanko could offer was the shortest sea voyage to the ports in the world, and thereby offer it\u00b4s customers cost- and environmental advantages.<\/p>\n<p>The Port of Hanko is also an active part in the electrification of the Hanko-Hyvink\u00e4\u00e4-line. Also the Keh\u00e4 V project is interesting from the ports point of view.<\/p>\n<p>This smiling sun welcomed passangers for sunny sea routes (&#8220;The Sunny Route via Hanko&#8221;) from 1995-2015.<\/p>\n<p><a href=\"https:\/\/portofhanko.fi\/site2014\/wp-content\/uploads\/2014\/11\/sunny-route-solen.jpg\"><img loading=\"lazy\" decoding=\"async\" class=\"aligncenter wp-image-1339\" src=\"https:\/\/portofhanko.fi\/site2014\/wp-content\/uploads\/2014\/11\/sunny-route-solen-720x351.jpg\" alt=\"sunny route solen\" width=\"406\" height=\"198\" srcset=\"https:\/\/portofhanko.fi\/site2014\/wp-content\/uploads\/2014\/11\/sunny-route-solen-720x351.jpg 720w, https:\/\/portofhanko.fi\/site2014\/wp-content\/uploads\/2014\/11\/sunny-route-solen-1280x624.jpg 1280w, https:\/\/portofhanko.fi\/site2014\/wp-content\/uploads\/2014\/11\/sunny-route-solen.jpg 1346w\" sizes=\"auto, (max-width: 406px) 100vw, 406px\" \/><\/a><\/p>\n","protected":false},"excerpt":{"rendered":"<p>The Port of Hanko consists of the Western harbour and the Outer harbour. Starting from 2015, Koverhar harbour is also a part of the Port of Hanko. The Western harbour in Hanko was founded in 1873. It is the southernmost port in Finland and because of it\u00b4s location and the mild sea climate, it is [&hellip;]<\/p>\n","protected":false},"author":1,"featured_media":0,"parent":0,"menu_order":0,"comment_status":"open","ping_status":"closed","template":"","meta":{"_acf_changed":false,"footnotes":""},"class_list":["post-259","page","type-page","status-publish","hentry"],"acf":[],"yoast_head":"<!-- This site is optimized with the Yoast SEO plugin v27.1.1 - https:\/\/yoast.com\/product\/yoast-seo-wordpress\/ -->\n<title>About the Company - Port of Hanko Ltd<\/title>\n<meta name=\"description\" content=\"Port of Hanko consists of Koverhar Harbour, Outer Harbour and Western Harbour which was founded in 1873. Read more about the development of the port here.\" \/>\n<meta name=\"robots\" content=\"index, follow, max-snippet:-1, max-image-preview:large, max-video-preview:-1\" \/>\n<link rel=\"canonical\" href=\"https:\/\/portofhanko.fi\/en\/company\/\" \/>\n<meta property=\"og:locale\" content=\"en_US\" \/>\n<meta property=\"og:type\" content=\"article\" \/>\n<meta property=\"og:title\" content=\"About the Company - Port of Hanko Ltd\" \/>\n<meta property=\"og:description\" content=\"Port of Hanko consists of Koverhar Harbour, Outer Harbour and Western Harbour which was founded in 1873. Read more about the development of the port here.\" \/>\n<meta property=\"og:url\" content=\"https:\/\/portofhanko.fi\/en\/company\/\" \/>\n<meta property=\"og:site_name\" content=\"Port of Hanko Finland\" \/>\n<meta property=\"article:modified_time\" content=\"2022-09-02T11:34:41+00:00\" \/>\n<meta property=\"og:image\" content=\"https:\/\/portofhanko.fi\/site2014\/wp-content\/uploads\/2014\/11\/111-720x492.jpg\" \/>\n<script type=\"application\/ld+json\" class=\"yoast-schema-graph\">{\"@context\":\"https:\/\/schema.org\",\"@graph\":[{\"@type\":\"WebPage\",\"@id\":\"https:\/\/portofhanko.fi\/en\/company\/\",\"url\":\"https:\/\/portofhanko.fi\/en\/company\/\",\"name\":\"About the Company - Port of Hanko Ltd\",\"isPartOf\":{\"@id\":\"https:\/\/portofhanko.fi\/#website\"},\"primaryImageOfPage\":{\"@id\":\"https:\/\/portofhanko.fi\/en\/company\/#primaryimage\"},\"image\":{\"@id\":\"https:\/\/portofhanko.fi\/en\/company\/#primaryimage\"},\"thumbnailUrl\":\"https:\/\/portofhanko.fi\/site2014\/wp-content\/uploads\/2014\/11\/111-720x492.jpg\",\"datePublished\":\"2014-11-26T07:40:40+00:00\",\"dateModified\":\"2022-09-02T11:34:41+00:00\",\"description\":\"Port of Hanko consists of Koverhar Harbour, Outer Harbour and Western Harbour which was founded in 1873. Read more about the development of the port here.\",\"breadcrumb\":{\"@id\":\"https:\/\/portofhanko.fi\/en\/company\/#breadcrumb\"},\"inLanguage\":\"en-US\",\"potentialAction\":[{\"@type\":\"ReadAction\",\"target\":[\"https:\/\/portofhanko.fi\/en\/company\/\"]}]},{\"@type\":\"ImageObject\",\"inLanguage\":\"en-US\",\"@id\":\"https:\/\/portofhanko.fi\/en\/company\/#primaryimage\",\"url\":\"https:\/\/portofhanko.fi\/site2014\/wp-content\/uploads\/2014\/11\/111-720x492.jpg\",\"contentUrl\":\"https:\/\/portofhanko.fi\/site2014\/wp-content\/uploads\/2014\/11\/111-720x492.jpg\"},{\"@type\":\"BreadcrumbList\",\"@id\":\"https:\/\/portofhanko.fi\/en\/company\/#breadcrumb\",\"itemListElement\":[{\"@type\":\"ListItem\",\"position\":1,\"name\":\"Home\",\"item\":\"https:\/\/portofhanko.fi\/en\/\"},{\"@type\":\"ListItem\",\"position\":2,\"name\":\"Port of Hanko Ltd\"}]},{\"@type\":\"WebSite\",\"@id\":\"https:\/\/portofhanko.fi\/#website\",\"url\":\"https:\/\/portofhanko.fi\/\",\"name\":\"Hangon Satama\",\"description\":\"\",\"publisher\":{\"@id\":\"https:\/\/portofhanko.fi\/#organization\"},\"alternateName\":\"Port of Hanko\",\"potentialAction\":[{\"@type\":\"SearchAction\",\"target\":{\"@type\":\"EntryPoint\",\"urlTemplate\":\"https:\/\/portofhanko.fi\/?s={search_term_string}\"},\"query-input\":{\"@type\":\"PropertyValueSpecification\",\"valueRequired\":true,\"valueName\":\"search_term_string\"}}],\"inLanguage\":\"en-US\"},{\"@type\":\"Organization\",\"@id\":\"https:\/\/portofhanko.fi\/#organization\",\"name\":\"Hangon Satama\",\"url\":\"https:\/\/portofhanko.fi\/\",\"logo\":{\"@type\":\"ImageObject\",\"inLanguage\":\"en-US\",\"@id\":\"https:\/\/portofhanko.fi\/#\/schema\/logo\/image\/\",\"url\":\"https:\/\/portofhanko.fi\/site2014\/wp-content\/uploads\/2016\/04\/PortOfHanko_Logo_Tumma.png\",\"contentUrl\":\"https:\/\/portofhanko.fi\/site2014\/wp-content\/uploads\/2016\/04\/PortOfHanko_Logo_Tumma.png\",\"width\":536,\"height\":260,\"caption\":\"Hangon Satama\"},\"image\":{\"@id\":\"https:\/\/portofhanko.fi\/#\/schema\/logo\/image\/\"}}]}<\/script>\n<!-- \/ Yoast SEO plugin. -->","yoast_head_json":{"title":"About the Company - Port of Hanko Ltd","description":"Port of Hanko consists of Koverhar Harbour, Outer Harbour and Western Harbour which was founded in 1873. Read more about the development of the port here.","robots":{"index":"index","follow":"follow","max-snippet":"max-snippet:-1","max-image-preview":"max-image-preview:large","max-video-preview":"max-video-preview:-1"},"canonical":"https:\/\/portofhanko.fi\/en\/company\/","og_locale":"en_US","og_type":"article","og_title":"About the Company - Port of Hanko Ltd","og_description":"Port of Hanko consists of Koverhar Harbour, Outer Harbour and Western Harbour which was founded in 1873. Read more about the development of the port here.","og_url":"https:\/\/portofhanko.fi\/en\/company\/","og_site_name":"Port of Hanko Finland","article_modified_time":"2022-09-02T11:34:41+00:00","og_image":[{"url":"https:\/\/portofhanko.fi\/site2014\/wp-content\/uploads\/2014\/11\/111-720x492.jpg","type":"","width":"","height":""}],"schema":{"@context":"https:\/\/schema.org","@graph":[{"@type":"WebPage","@id":"https:\/\/portofhanko.fi\/en\/company\/","url":"https:\/\/portofhanko.fi\/en\/company\/","name":"About the Company - Port of Hanko Ltd","isPartOf":{"@id":"https:\/\/portofhanko.fi\/#website"},"primaryImageOfPage":{"@id":"https:\/\/portofhanko.fi\/en\/company\/#primaryimage"},"image":{"@id":"https:\/\/portofhanko.fi\/en\/company\/#primaryimage"},"thumbnailUrl":"https:\/\/portofhanko.fi\/site2014\/wp-content\/uploads\/2014\/11\/111-720x492.jpg","datePublished":"2014-11-26T07:40:40+00:00","dateModified":"2022-09-02T11:34:41+00:00","description":"Port of Hanko consists of Koverhar Harbour, Outer Harbour and Western Harbour which was founded in 1873. Read more about the development of the port here.","breadcrumb":{"@id":"https:\/\/portofhanko.fi\/en\/company\/#breadcrumb"},"inLanguage":"en-US","potentialAction":[{"@type":"ReadAction","target":["https:\/\/portofhanko.fi\/en\/company\/"]}]},{"@type":"ImageObject","inLanguage":"en-US","@id":"https:\/\/portofhanko.fi\/en\/company\/#primaryimage","url":"https:\/\/portofhanko.fi\/site2014\/wp-content\/uploads\/2014\/11\/111-720x492.jpg","contentUrl":"https:\/\/portofhanko.fi\/site2014\/wp-content\/uploads\/2014\/11\/111-720x492.jpg"},{"@type":"BreadcrumbList","@id":"https:\/\/portofhanko.fi\/en\/company\/#breadcrumb","itemListElement":[{"@type":"ListItem","position":1,"name":"Home","item":"https:\/\/portofhanko.fi\/en\/"},{"@type":"ListItem","position":2,"name":"Port of Hanko Ltd"}]},{"@type":"WebSite","@id":"https:\/\/portofhanko.fi\/#website","url":"https:\/\/portofhanko.fi\/","name":"Hangon Satama","description":"","publisher":{"@id":"https:\/\/portofhanko.fi\/#organization"},"alternateName":"Port of Hanko","potentialAction":[{"@type":"SearchAction","target":{"@type":"EntryPoint","urlTemplate":"https:\/\/portofhanko.fi\/?s={search_term_string}"},"query-input":{"@type":"PropertyValueSpecification","valueRequired":true,"valueName":"search_term_string"}}],"inLanguage":"en-US"},{"@type":"Organization","@id":"https:\/\/portofhanko.fi\/#organization","name":"Hangon Satama","url":"https:\/\/portofhanko.fi\/","logo":{"@type":"ImageObject","inLanguage":"en-US","@id":"https:\/\/portofhanko.fi\/#\/schema\/logo\/image\/","url":"https:\/\/portofhanko.fi\/site2014\/wp-content\/uploads\/2016\/04\/PortOfHanko_Logo_Tumma.png","contentUrl":"https:\/\/portofhanko.fi\/site2014\/wp-content\/uploads\/2016\/04\/PortOfHanko_Logo_Tumma.png","width":536,"height":260,"caption":"Hangon Satama"},"image":{"@id":"https:\/\/portofhanko.fi\/#\/schema\/logo\/image\/"}}]}},"_links":{"self":[{"href":"https:\/\/portofhanko.fi\/en\/wp-json\/wp\/v2\/pages\/259","targetHints":{"allow":["GET"]}}],"collection":[{"href":"https:\/\/portofhanko.fi\/en\/wp-json\/wp\/v2\/pages"}],"about":[{"href":"https:\/\/portofhanko.fi\/en\/wp-json\/wp\/v2\/types\/page"}],"author":[{"embeddable":true,"href":"https:\/\/portofhanko.fi\/en\/wp-json\/wp\/v2\/users\/1"}],"replies":[{"embeddable":true,"href":"https:\/\/portofhanko.fi\/en\/wp-json\/wp\/v2\/comments?post=259"}],"version-history":[{"count":0,"href":"https:\/\/portofhanko.fi\/en\/wp-json\/wp\/v2\/pages\/259\/revisions"}],"wp:attachment":[{"href":"https:\/\/portofhanko.fi\/en\/wp-json\/wp\/v2\/media?parent=259"}],"curies":[{"name":"wp","href":"https:\/\/api.w.org\/{rel}","templated":true}]}}